{"id":97,"date":"2026-01-27T10:31:25","date_gmt":"2026-01-27T10:31:25","guid":{"rendered":"https:\/\/www.lions-auxerre.fr\/?page_id=97"},"modified":"2026-01-28T12:51:09","modified_gmt":"2026-01-28T12:51:09","slug":"accueil","status":"publish","type":"page","link":"https:\/\/www.lions-auxerre.fr\/","title":{"rendered":"Accueil"},"content":{"rendered":"\n<div class=\"wp-block-columns is-layout-flex wp-container-core-columns-is-layout-9d6595d7 wp-block-columns-is-layout-flex\">\n<div class=\"wp-block-column is-layout-flow wp-block-column-is-layout-flow\">\n<figure class=\"wp-block-image size-large is-resized\"><img loading=\"lazy\" decoding=\"async\" width=\"1024\" height=\"874\" src=\"https:\/\/www.lions-auxerre.fr\/wp-content\/uploads\/2026\/01\/618495840_893953309715052_2936573166233922806_n-1024x874.jpg\" alt=\"\" class=\"wp-image-118\" style=\"object-fit:cover;width:200px;height:200px\" srcset=\"https:\/\/www.lions-auxerre.fr\/wp-content\/uploads\/2026\/01\/618495840_893953309715052_2936573166233922806_n-1024x874.jpg 1024w, https:\/\/www.lions-auxerre.fr\/wp-content\/uploads\/2026\/01\/618495840_893953309715052_2936573166233922806_n-300x256.jpg 300w, https:\/\/www.lions-auxerre.fr\/wp-content\/uploads\/2026\/01\/618495840_893953309715052_2936573166233922806_n-768x655.jpg 768w, https:\/\/www.lions-auxerre.fr\/wp-content\/uploads\/2026\/01\/618495840_893953309715052_2936573166233922806_n-1536x1310.jpg 1536w, https:\/\/www.lions-auxerre.fr\/wp-content\/uploads\/2026\/01\/618495840_893953309715052_2936573166233922806_n-600x512.jpg 600w, https:\/\/www.lions-auxerre.fr\/wp-content\/uploads\/2026\/01\/618495840_893953309715052_2936573166233922806_n.jpg 2048w\" sizes=\"auto, (max-width: 1024px) 100vw, 1024px\" \/><\/figure>\n<\/div>\n\n\n\n<div class=\"wp-block-column is-layout-flow wp-block-column-is-layout-flow\">\n<figure class=\"wp-block-image size-large is-resized\"><img loading=\"lazy\" decoding=\"async\" width=\"1024\" height=\"768\" src=\"https:\/\/www.lions-auxerre.fr\/wp-content\/uploads\/2026\/01\/equipe3-1024x768.jpg\" alt=\"\" class=\"wp-image-119\" style=\"object-fit:cover;width:200px;height:200px\" srcset=\"https:\/\/www.lions-auxerre.fr\/wp-content\/uploads\/2026\/01\/equipe3-1024x768.jpg 1024w, https:\/\/www.lions-auxerre.fr\/wp-content\/uploads\/2026\/01\/equipe3-300x225.jpg 300w, https:\/\/www.lions-auxerre.fr\/wp-content\/uploads\/2026\/01\/equipe3-768x576.jpg 768w, https:\/\/www.lions-auxerre.fr\/wp-content\/uploads\/2026\/01\/equipe3-1536x1152.jpg 1536w, https:\/\/www.lions-auxerre.fr\/wp-content\/uploads\/2026\/01\/equipe3-600x450.jpg 600w, https:\/\/www.lions-auxerre.fr\/wp-content\/uploads\/2026\/01\/equipe3.jpg 2048w\" sizes=\"auto, (max-width: 1024px) 100vw, 1024px\" \/><\/figure>\n<\/div>\n\n\n\n<div class=\"wp-block-column is-layout-flow wp-block-column-is-layout-flow\">\n<figure class=\"wp-block-image size-full is-resized\"><img loading=\"lazy\" decoding=\"async\" width=\"960\" height=\"720\" src=\"https:\/\/www.lions-auxerre.fr\/wp-content\/uploads\/2026\/01\/equipe.jpg\" alt=\"\" class=\"wp-image-120\" style=\"object-fit:cover;width:200px;height:200px\" srcset=\"https:\/\/www.lions-auxerre.fr\/wp-content\/uploads\/2026\/01\/equipe.jpg 960w, https:\/\/www.lions-auxerre.fr\/wp-content\/uploads\/2026\/01\/equipe-300x225.jpg 300w, https:\/\/www.lions-auxerre.fr\/wp-content\/uploads\/2026\/01\/equipe-768x576.jpg 768w, https:\/\/www.lions-auxerre.fr\/wp-content\/uploads\/2026\/01\/equipe-600x450.jpg 600w\" sizes=\"auto, (max-width: 960px) 100vw, 960px\" \/><\/figure>\n<\/div>\n<\/div>\n\n\n\n<p>Bienvenue sur le site officiel des LIONS d&#8217;Auxerre<\/p>\n\n\n\n<hr class=\"wp-block-separator has-alpha-channel-opacity\"\/>\n\n\n\n<p><\/p>\n\n\n\n<h1 class=\"wp-block-heading\">La passion du Hockey<\/h1>\n\n\n\n<p>Bienvenue chez Ies Lions, l&#8217;\u00e9quipe de roller Hockey du PLPB premier club multi-disciplines de l&#8217;Yonne. Notre nom &#8220;Les Lions&#8221; symbolise notre ville Auxerre, symbole pour un esprit combatif et notre fiert\u00e9 insulaire.<\/p>\n\n\n\n<h2 class=\"wp-block-heading\">Notre Histoire : Une Passion Partag\u00e9e<\/h2>\n\n\n\n<p>N\u00e9 en 2001 de l&#8217;initiative d&#8217;un groupe d&#8217;amis passionn\u00e9s, l&#8217;\u00e9quipe de roller hockey s&#8217;est progressivement structur\u00e9 pour devenir une \u00e9quipe officiel affili\u00e9 \u00e0 la F\u00e9d\u00e9ration Fran\u00e7aise de Roller et Skateboard (FFRS). Ce qui a commenc\u00e9 comme des rencontres informelles entre amis s&#8217;est transform\u00e9 en une v\u00e9ritable famille sportive, partageant des valeurs d&#8217;amiti\u00e9, de plaisir et de d\u00e9passement de soi.<\/p>\n\n\n\n<h2 class=\"wp-block-heading\">Nos Disciplines au sein de la section Roller:<\/h2>\n\n\n\n<p>Sp\u00e9cialistes du\u00a0<strong>roller hockey<\/strong>\u00a0avec notre \u00e9quipe \u00e9voluant en comp\u00e9tition nationale, nous d\u00e9veloppons \u00e9galement d&#8217;autres disciplines des sports de glisse :<\/p>\n\n\n\n<ul class=\"wp-block-list\">\n<li>\ud83c\udfd2 Roller Hockey &#8211; Notre discipline phare<\/li>\n\n\n\n<li>\ud83d\udefc Roller derby &#8211; Nouvellement int\u00e9gr\u00e9 \u00e0 notre club<\/li>\n\n\n\n<li>\ud83e\udd47 Course<\/li>\n\n\n\n<li>\ud83d\udeb8 Initiation Patinage<\/li>\n<\/ul>\n\n\n\n<p>Notre ambition est de faire d\u00e9couvrir l&#8217;ensemble des sports de la FFRS, des plus jeunes aux adultes, dans un esprit \u00e0 la fois comp\u00e9titif et convivial.<\/p>\n\n\n\n<h2 class=\"wp-block-heading\">Rejoignez nous !<\/h2>\n\n\n\n<p>Que vous soyez d\u00e9butant curieux ou sportif confirm\u00e9, jeune ou adulte, notre club vous accueille pour :<\/p>\n\n\n\n<ul class=\"wp-block-list\">\n<li><strong>Pratiquer<\/strong>\u00a0le roller hockey et les sports de glisse dans une ambiance conviviale<\/li>\n\n\n\n<li><strong>Progresser<\/strong>\u00a0\u00e0 votre rythme avec un encadrement adapt\u00e9<\/li>\n\n\n\n<li><strong>Participer<\/strong>\u00a0\u00e0 des \u00e9v\u00e9nements sportifs locaux et nationaux<\/li>\n\n\n\n<li><strong>Int\u00e9grer<\/strong>\u00a0une communaut\u00e9 partageant les m\u00eames valeurs<\/li>\n<\/ul>\n\n\n\n<p>Pr\u00eat \u00e0 enfiler les rollers ou \u00e0 nous soutenir ? Contactez-nous d\u00e8s maintenant !<\/p>\n\n\n\n<p><em>Ensemble, faisons vivre les sports de glisse dans l&#8217;Yonne !<\/em><\/p>\n","protected":false},"excerpt":{"rendered":"<p>Bienvenue sur le site officiel des LIONS d&#8217;Auxerre La passion du Hockey Bienvenue chez Ies [&hellip;]<\/p>\n","protected":false},"author":1,"featured_media":0,"parent":0,"menu_order":0,"comment_status":"closed","ping_status":"closed","template":"","meta":{"footnotes":""},"class_list":["post-97","page","type-page","status-publish","hentry"],"_links":{"self":[{"href":"https:\/\/www.lions-auxerre.fr\/index.php?rest_route=\/wp\/v2\/pages\/97","targetHints":{"allow":["GET"]}}],"collection":[{"href":"https:\/\/www.lions-auxerre.fr\/index.php?rest_route=\/wp\/v2\/pages"}],"about":[{"href":"https:\/\/www.lions-auxerre.fr\/index.php?rest_route=\/wp\/v2\/types\/page"}],"author":[{"embeddable":true,"href":"https:\/\/www.lions-auxerre.fr\/index.php?rest_route=\/wp\/v2\/users\/1"}],"replies":[{"embeddable":true,"href":"https:\/\/www.lions-auxerre.fr\/index.php?rest_route=%2Fwp%2Fv2%2Fcomments&post=97"}],"version-history":[{"count":5,"href":"https:\/\/www.lions-auxerre.fr\/index.php?rest_route=\/wp\/v2\/pages\/97\/revisions"}],"predecessor-version":[{"id":130,"href":"https:\/\/www.lions-auxerre.fr\/index.php?rest_route=\/wp\/v2\/pages\/97\/revisions\/130"}],"wp:attachment":[{"href":"https:\/\/www.lions-auxerre.fr\/index.php?rest_route=%2Fwp%2Fv2%2Fmedia&parent=97"}],"curies":[{"name":"wp","href":"https:\/\/api.w.org\/{rel}","templated":true}]}}